{"id":396,"date":"2024-03-31T22:45:50","date_gmt":"2024-03-31T22:45:50","guid":{"rendered":"https:\/\/silicio.math.unifi.it\/wordpress\/tacos\/?page_id=396"},"modified":"2024-05-15T15:52:19","modified_gmt":"2024-05-15T15:52:19","slug":"hermitian-yang-mills-connections","status":"publish","type":"page","link":"https:\/\/silicio.math.unifi.it\/wordpress\/tacos\/sessions\/hermitian-yang-mills-connections\/","title":{"rendered":"Hermitian Yang-Mills Connections"},"content":{"rendered":"\n<p>For this session, Tacos talks will be held live on Zoom!<\/p>\n\n\n\n<p>The speakers for the ninth session,&nbsp;<em>Hermitian Yang-Mills Connections<\/em> are:<\/p>\n\n\n\n<ul class=\"wp-block-list\"><li><a href=\"https:\/\/www.icmat.es\/miembros\/garcia-prada\/\">Oscar Garc\u00eda-Prada<\/a>&nbsp;(ICMAT)<\/li><\/ul>\n\n\n\n<p><strong>K\u00e4hler-Yang-Mills equations and gravitating vortices<\/strong><\/p>\n\n\n\n<p>I will start introducing the K\u00e4hler\u2013Yang\u2013Mills equations on a holomorphic vector bundle over a compact complex manifold. These equations, inspired by the Hitchin\u2013Kobayashi correspondence for bundles and the Yau\u2013Tian\u2013Donaldson conjecture for constant scalar curvature K\u00e4hler metrics, intertwine the curvature of a Hermitian\u2013Yang\u2013Mills connection on the bundle&nbsp; and the scalar curvature of a K\u00e4hler metric on the manifold. After this, I will consider special symmetric solutions on a compact Riemann surface known as gravitating vortices.&nbsp;<\/p>\n\n\n\n<ul class=\"wp-block-list\"><li><a href=\"https:\/\/www.mathe8.uni-bayreuth.de\/en\/team\/prof-paun\/index.php\">Mihai P\u0103un<\/a>&nbsp;(Bayreuth)<\/li><\/ul>\n\n\n\n<p><strong>Hermitian-Einstein metrics in singular settings<\/strong><\/p>\n\n\n\n<p>We will discuss a few results concerning the existence of HE metrics for stable sheaves on K\u00e4hler spaces with log-terminal singularities, and their relevance for the Bogomolov-Gieseker inequality.<\/p>\n\n\n\n<ul class=\"wp-block-list\"><li><a href=\"http:\/\/lmba.math.univ-brest.fr\/perso\/carl.tipler\/index2.html\">Carl Tipler<\/a>&nbsp;(LMBA)<\/li><\/ul>\n\n\n\n<p><strong>Local Wall-Crossing and HYM Connections<\/strong><\/p>\n\n\n\n<p>We will review some recent results on the behaviour of Hermitian Yang-Mills connections with respect to variations of the polarisation. In particular, we will focus on their convergence when the polarisation reaches the boundary of the stable locus. The methods presented are versatile and can be used for similar perturbation problems for geometric PDEs with moment map pictures.<\/p>\n\n\n\n<ul class=\"wp-block-list\"><li><a href=\"https:\/\/www.math.umd.edu\/~raw\/\">Richard A. Wentworth<\/a>&nbsp;(Maryland)<\/li><\/ul>\n\n\n\n<p><strong>First Introductory Lecture<\/strong><\/p>\n\n\n\n<p>In the first lecture, I will survey the history and development of solutions to the Hermitian-Einstein equations. On the algebro-geometric side, this goes back to a theorem of Weil in the 1930s on the existence of holomorphic connections on curves. This motivated the work of Narasimhan-Seshadri, and then in turn higher dimensional versions of stability of sheaves. A second motivation comes from gauge theory and solutions to the anti-self-duality equations in Yang-Mills theory. Finally, I will briefly discuss some of the key applications and generalizations of the Hermitian-Einstein equations, such as Miyaoka&#8217;s version of the Bogomolov-Gieseker inequality.<\/p>\n\n\n\n<p><strong>Second Introductory Lecture<\/strong><\/p>\n\n\n\n<p>In the second lecture, I will discuss some of the important techniques that go into the proof of the Donaldson-Uhlenbeck-Yau theorem, such as Uhlenbeck&#8217;s weak compactness theorem, weakly holomorphic subbundles, and the Donaldson functional. I will then mention more recent results, such as the solution to a conjecture of Bando-Siu, and the extension of Hermitian-Einstein equations to singular varieties.<\/p>\n\n\n\n<p><strong>Algebraic and analytic compactifications of moduli spaces of sheaves<\/strong><\/p>\n\n\n\n<p>I will discuss the relationship between projective compactifications of moduli spaces of sheaves on higher dimensional projective manifolds, and the Uhlenbeck-Tian compactifications of solutions to the Hermitian-Einstein equations. This generalizes older work of Jun Li in the case of surfaces. This is joint work with Greb, Sibley, and Toma, and separately with Xuemiao Chen.<\/p>\n\n\n\n<p><\/p>\n\n\n\n<p>The conference will be held on May 28-30, 2024 with two 45-minute talks per day. Richard A. Wentworth will give two introductory talks on the topic, then, we will have four research-oriented talks, one from each of the speakers. The tentative schedule can be found below (with all times listed in US Eastern time):<\/p>\n\n\n\n<p>May 28<\/p>\n\n\n\n<ul class=\"wp-block-list\"><li>11am: Richard A. Wentworth<\/li><li>12pm: Richard A. Wentworth<\/li><\/ul>\n\n\n\n<p>May 29<\/p>\n\n\n\n<ul class=\"wp-block-list\"><li>11am: Carl Tipler<\/li><li>12pm: Richard A. Wentworth<\/li><\/ul>\n\n\n\n<p>May 30<\/p>\n\n\n\n<ul class=\"wp-block-list\"><li>11am: Mihai P\u0103un<\/li><li>12pm: Oscar Garc\u00eda-Prada<\/li><\/ul>\n\n\n\n<p>The conference will be held online on Zoom:<\/p>\n\n\n\n<p><a href=\"https:\/\/vanderbilt.zoom.us\/j\/91283512875?pwd=ZEgrTHg1Q25ZbUtvNHhMNHNJYmNKUT09\">https:\/\/vanderbilt.zoom.us\/j\/91283512875?pwd=ZEgrTHg1Q25ZbUtvNHhMNHNJYmNKUT09<\/a><\/p>\n\n\n\n<p>Meeting ID: 912 8351 2875<br>Passcode: 914422<\/p>\n\n\n\n<p>If you\u2019d like to receive updates from us, write an email to&nbsp;<a href=\"mailto:gtacos20@gmail.com\">gtacos20@gmail.com<\/a>&nbsp;and we will add you to our mailing list.<\/p>\n","protected":false},"excerpt":{"rendered":"<p>For this session, Tacos talks will be held live on Zoom! The speakers for the ninth session,&nbsp;Hermitian Yang-Mills Connections are: Oscar Garc\u00eda-Prada&nbsp;(ICMAT) K\u00e4hler-Yang-Mills equations and gravitating vortices I will start introducing the K\u00e4hler\u2013Yang\u2013Mills equations on a holomorphic vector bundle over a compact complex manifold. These equations, inspired by the Hitchin\u2013Kobayashi correspondence for bundles and the &hellip; <\/p>\n<p class=\"link-more\"><a href=\"https:\/\/silicio.math.unifi.it\/wordpress\/tacos\/sessions\/hermitian-yang-mills-connections\/\" class=\"more-link\">Continue reading<span class=\"screen-reader-text\"> &#8220;Hermitian Yang-Mills Connections&#8221;<\/span><\/a><\/p>\n","protected":false},"author":11,"featured_media":0,"parent":93,"menu_order":0,"comment_status":"closed","ping_status":"closed","template":"","meta":{"footnotes":""},"class_list":["post-396","page","type-page","status-publish","hentry"],"yoast_head":"<!-- This site is optimized with the Yoast SEO plugin v23.4 - https:\/\/yoast.com\/wordpress\/plugins\/seo\/ -->\n<title>Hermitian Yang-Mills Connections - Geometry and TACoS<\/title>\n<meta name=\"robots\" content=\"index, follow, max-snippet:-1, max-image-preview:large, max-video-preview:-1\" \/>\n<link rel=\"canonical\" href=\"https:\/\/silicio.math.unifi.it\/wordpress\/tacos\/sessions\/hermitian-yang-mills-connections\/\" \/>\n<meta property=\"og:locale\" content=\"en_US\" \/>\n<meta property=\"og:type\" content=\"article\" \/>\n<meta property=\"og:title\" content=\"Hermitian Yang-Mills Connections - Geometry and TACoS\" \/>\n<meta property=\"og:description\" content=\"For this session, Tacos talks will be held live on Zoom! The speakers for the ninth session,&nbsp;Hermitian Yang-Mills Connections are: Oscar Garc\u00eda-Prada&nbsp;(ICMAT) K\u00e4hler-Yang-Mills equations and gravitating vortices I will start introducing the K\u00e4hler\u2013Yang\u2013Mills equations on a holomorphic vector bundle over a compact complex manifold. These equations, inspired by the Hitchin\u2013Kobayashi correspondence for bundles and the &hellip; Continue reading &quot;Hermitian Yang-Mills Connections&quot;\" \/>\n<meta property=\"og:url\" content=\"https:\/\/silicio.math.unifi.it\/wordpress\/tacos\/sessions\/hermitian-yang-mills-connections\/\" \/>\n<meta property=\"og:site_name\" content=\"Geometry and TACoS\" \/>\n<meta property=\"article:modified_time\" content=\"2024-05-15T15:52:19+00:00\" \/>\n<meta name=\"twitter:card\" content=\"summary_large_image\" \/>\n<meta name=\"twitter:label1\" content=\"Est. reading time\" \/>\n\t<meta name=\"twitter:data1\" content=\"3 minutes\" \/>\n<script type=\"application\/ld+json\" class=\"yoast-schema-graph\">{\"@context\":\"https:\/\/schema.org\",\"@graph\":[{\"@type\":\"WebPage\",\"@id\":\"https:\/\/silicio.math.unifi.it\/wordpress\/tacos\/sessions\/hermitian-yang-mills-connections\/\",\"url\":\"https:\/\/silicio.math.unifi.it\/wordpress\/tacos\/sessions\/hermitian-yang-mills-connections\/\",\"name\":\"Hermitian Yang-Mills Connections - Geometry and TACoS\",\"isPartOf\":{\"@id\":\"https:\/\/silicio.math.unifi.it\/wordpress\/tacos\/#website\"},\"datePublished\":\"2024-03-31T22:45:50+00:00\",\"dateModified\":\"2024-05-15T15:52:19+00:00\",\"breadcrumb\":{\"@id\":\"https:\/\/silicio.math.unifi.it\/wordpress\/tacos\/sessions\/hermitian-yang-mills-connections\/#breadcrumb\"},\"inLanguage\":\"en-US\",\"potentialAction\":[{\"@type\":\"ReadAction\",\"target\":[\"https:\/\/silicio.math.unifi.it\/wordpress\/tacos\/sessions\/hermitian-yang-mills-connections\/\"]}]},{\"@type\":\"BreadcrumbList\",\"@id\":\"https:\/\/silicio.math.unifi.it\/wordpress\/tacos\/sessions\/hermitian-yang-mills-connections\/#breadcrumb\",\"itemListElement\":[{\"@type\":\"ListItem\",\"position\":1,\"name\":\"Home\",\"item\":\"https:\/\/silicio.math.unifi.it\/wordpress\/tacos\/\"},{\"@type\":\"ListItem\",\"position\":2,\"name\":\"Sessions\",\"item\":\"https:\/\/silicio.math.unifi.it\/wordpress\/tacos\/sessions\/\"},{\"@type\":\"ListItem\",\"position\":3,\"name\":\"Hermitian Yang-Mills Connections\"}]},{\"@type\":\"WebSite\",\"@id\":\"https:\/\/silicio.math.unifi.it\/wordpress\/tacos\/#website\",\"url\":\"https:\/\/silicio.math.unifi.it\/wordpress\/tacos\/\",\"name\":\"Geometry and TACoS\",\"description\":\"Online sessions on the Geometry and Topology of (Almost) Complex Structures\",\"potentialAction\":[{\"@type\":\"SearchAction\",\"target\":{\"@type\":\"EntryPoint\",\"urlTemplate\":\"https:\/\/silicio.math.unifi.it\/wordpress\/tacos\/?s={search_term_string}\"},\"query-input\":{\"@type\":\"PropertyValueSpecification\",\"valueRequired\":true,\"valueName\":\"search_term_string\"}}],\"inLanguage\":\"en-US\"}]}<\/script>\n<!-- \/ Yoast SEO plugin. -->","yoast_head_json":{"title":"Hermitian Yang-Mills Connections - Geometry and TACoS","robots":{"index":"index","follow":"follow","max-snippet":"max-snippet:-1","max-image-preview":"max-image-preview:large","max-video-preview":"max-video-preview:-1"},"canonical":"https:\/\/silicio.math.unifi.it\/wordpress\/tacos\/sessions\/hermitian-yang-mills-connections\/","og_locale":"en_US","og_type":"article","og_title":"Hermitian Yang-Mills Connections - Geometry and TACoS","og_description":"For this session, Tacos talks will be held live on Zoom! The speakers for the ninth session,&nbsp;Hermitian Yang-Mills Connections are: Oscar Garc\u00eda-Prada&nbsp;(ICMAT) K\u00e4hler-Yang-Mills equations and gravitating vortices I will start introducing the K\u00e4hler\u2013Yang\u2013Mills equations on a holomorphic vector bundle over a compact complex manifold. These equations, inspired by the Hitchin\u2013Kobayashi correspondence for bundles and the &hellip; Continue reading \"Hermitian Yang-Mills Connections\"","og_url":"https:\/\/silicio.math.unifi.it\/wordpress\/tacos\/sessions\/hermitian-yang-mills-connections\/","og_site_name":"Geometry and TACoS","article_modified_time":"2024-05-15T15:52:19+00:00","twitter_card":"summary_large_image","twitter_misc":{"Est. reading time":"3 minutes"},"schema":{"@context":"https:\/\/schema.org","@graph":[{"@type":"WebPage","@id":"https:\/\/silicio.math.unifi.it\/wordpress\/tacos\/sessions\/hermitian-yang-mills-connections\/","url":"https:\/\/silicio.math.unifi.it\/wordpress\/tacos\/sessions\/hermitian-yang-mills-connections\/","name":"Hermitian Yang-Mills Connections - Geometry and TACoS","isPartOf":{"@id":"https:\/\/silicio.math.unifi.it\/wordpress\/tacos\/#website"},"datePublished":"2024-03-31T22:45:50+00:00","dateModified":"2024-05-15T15:52:19+00:00","breadcrumb":{"@id":"https:\/\/silicio.math.unifi.it\/wordpress\/tacos\/sessions\/hermitian-yang-mills-connections\/#breadcrumb"},"inLanguage":"en-US","potentialAction":[{"@type":"ReadAction","target":["https:\/\/silicio.math.unifi.it\/wordpress\/tacos\/sessions\/hermitian-yang-mills-connections\/"]}]},{"@type":"BreadcrumbList","@id":"https:\/\/silicio.math.unifi.it\/wordpress\/tacos\/sessions\/hermitian-yang-mills-connections\/#breadcrumb","itemListElement":[{"@type":"ListItem","position":1,"name":"Home","item":"https:\/\/silicio.math.unifi.it\/wordpress\/tacos\/"},{"@type":"ListItem","position":2,"name":"Sessions","item":"https:\/\/silicio.math.unifi.it\/wordpress\/tacos\/sessions\/"},{"@type":"ListItem","position":3,"name":"Hermitian Yang-Mills Connections"}]},{"@type":"WebSite","@id":"https:\/\/silicio.math.unifi.it\/wordpress\/tacos\/#website","url":"https:\/\/silicio.math.unifi.it\/wordpress\/tacos\/","name":"Geometry and TACoS","description":"Online sessions on the Geometry and Topology of (Almost) Complex Structures","potentialAction":[{"@type":"SearchAction","target":{"@type":"EntryPoint","urlTemplate":"https:\/\/silicio.math.unifi.it\/wordpress\/tacos\/?s={search_term_string}"},"query-input":{"@type":"PropertyValueSpecification","valueRequired":true,"valueName":"search_term_string"}}],"inLanguage":"en-US"}]}},"_links":{"self":[{"href":"https:\/\/silicio.math.unifi.it\/wordpress\/tacos\/wp-json\/wp\/v2\/pages\/396"}],"collection":[{"href":"https:\/\/silicio.math.unifi.it\/wordpress\/tacos\/wp-json\/wp\/v2\/pages"}],"about":[{"href":"https:\/\/silicio.math.unifi.it\/wordpress\/tacos\/wp-json\/wp\/v2\/types\/page"}],"author":[{"embeddable":true,"href":"https:\/\/silicio.math.unifi.it\/wordpress\/tacos\/wp-json\/wp\/v2\/users\/11"}],"replies":[{"embeddable":true,"href":"https:\/\/silicio.math.unifi.it\/wordpress\/tacos\/wp-json\/wp\/v2\/comments?post=396"}],"version-history":[{"count":6,"href":"https:\/\/silicio.math.unifi.it\/wordpress\/tacos\/wp-json\/wp\/v2\/pages\/396\/revisions"}],"predecessor-version":[{"id":410,"href":"https:\/\/silicio.math.unifi.it\/wordpress\/tacos\/wp-json\/wp\/v2\/pages\/396\/revisions\/410"}],"up":[{"embeddable":true,"href":"https:\/\/silicio.math.unifi.it\/wordpress\/tacos\/wp-json\/wp\/v2\/pages\/93"}],"wp:attachment":[{"href":"https:\/\/silicio.math.unifi.it\/wordpress\/tacos\/wp-json\/wp\/v2\/media?parent=396"}],"curies":[{"name":"wp","href":"https:\/\/api.w.org\/{rel}","templated":true}]}}