{"id":317,"date":"2021-09-28T09:15:48","date_gmt":"2021-09-28T09:15:48","guid":{"rendered":"http:\/\/silicio.math.unifi.it\/wordpress\/tacos\/?page_id=317"},"modified":"2021-10-25T08:34:54","modified_gmt":"2021-10-25T08:34:54","slug":"hyperbolicity","status":"publish","type":"page","link":"https:\/\/silicio.math.unifi.it\/wordpress\/tacos\/sessions\/hyperbolicity\/","title":{"rendered":"Hyperbolicity"},"content":{"rendered":"[vc_row][vc_column][vc_column_text] The speakers for the seventh session,\u00a0<em>Hyperbolicity<\/em>, are:<\/p>\n<ul>\n<li><a href=\"http:\/\/www.normalesup.org\/~bcadorel\/en.html\">Beno\u00eet Cadorel<\/a> (Institut Elie Cartan de Lorraine, Nancy): &#8220;<em>Introduction to complex hyperbolicity<\/em>&#8220;<\/li>\n<\/ul>\n<p>Abstract:\u00a0In a broad sense, complex hyperbolicity aims at understanding the geometry of entire curves in a given complex manifold. We say roughly that a complex manifold is &#8220;complex hyperbolic&#8221; if it does not contain any such entire curves. The study of this notion has attracted the interest of many complex geometers during the last century (among many others, we can mention Picard, Bloch, H. Cartan&#8230;). Nowadays, it continues to be a very active field of research, and the last few years have lead to quite spectacular developments. In particular, a lot of work has been devoted to the Green-Griffiths-Lang conjecture, which would relate the notion of complex hyperbolicity t<span style=\"font-size: 1rem\">o more algebro-geometric or arithmetic properties of complex manifolds.<\/span><\/p>\n<p>In this lecture, we will start by introducing the basic notions of complex hyperbolicity: we will see that there are several non-equivalent ways of quantifying the absence of entire curves. An important result we will prove is that they all amount to the same in the compact case. We will then state the Green-Griffiths-Lang conjecture, and describe some of the tools that were introduced to approach it: our presentation will mainly revolve around m<span style=\"font-size: 1rem\">etric methods and jet differential techniques. All along the way, we will present several illustrating examples, as well as recent important applications of the techniques we will discuss.<\/span><\/p>\n<ul>\n<li><a href=\"https:\/\/www.normalesup.org\/~darondea\/\">Lionel Darondeau<\/a>\u00a0(Institut Montpelli\u00e9rain Alexander Grothendieck, Montpellier):\u00a0 &#8220;<em>Around the Green&#8211;Griffiths&#8211;Lang Conjecture<\/em>&#8220;<\/li>\n<\/ul>\n<p>Abstract: The Green&#8211;Griffiths&#8211;Lang Conjecture relates some transcendental and algebraic properties of complex projective varieties. In particular, such a variety X sh<span style=\"font-size: 1rem\">ould be complex hyperbolic if and only if all its subvarieties are of general type. Campana has introduced a notion of special type that allows to give a clear conjectural picture of the situation. The conjecture is widely open in higher dimensions.<\/span><\/p>\n<p>In the special case where X is a smooth projective hypersurface, there is deep connections\u00a0 between this conjecture and a famous conjecture of Kobayashi, asserting<span style=\"font-size: 1rem\">that if X is generic of large degree, it should be hyperbolic (the optimal degree should be linear in the dimension). This conjecture has recently been established by Brotbek for very high degrees. We will (quickly) review some other important results of the literature supporting the conjectures.<\/span><\/p>\n<p>1) GGL =&gt; Kobayashi for very generic hypersurfaces (Clemens, Ein, Voisin, Pacienza)<\/p>\n<p>2) general type &lt;=&gt; existence of differential equations satisfied by all entire curves (Demailly, Campana&#8211;Paun)<\/p>\n<p>3) GGL for generic projective hypersurfaces of high degrees (Diverio&#8211;Merker&#8211;Rousseau)<\/p>\n<p>4) GGL for generic projective hypersurfaces via jets =&gt; Kobayashi for very generic hypersurfaces (Riedl&#8211;Yang)<\/p>\n<ul>\n<li><a href=\"https:\/\/dms.umontreal.ca\/~fortierboum\/\">Maxime Fortier Bourque<\/a> (Universit\u00e9 de Montr\u00e9al, Montr\u00e9al): &#8220;<em>Geometric inequalities from trace formulas<\/em>&#8220;<\/li>\n<\/ul>\n<p>Abstract:\u00a0I will discuss joint work with Bram Petri in which we use the Selberg trace formula and numerical optimization to prove new upper bounds on four geometric invariants associated to hyperbolic surfaces: the systole, the kissing number, the first positive eigenvalue of the Laplacian, and the multiplicity of that eigenvalue. Our method is inspired by work of Cohn and Elk<span style=\"font-size: 1rem\">ies on the density of sphere packings in Euclidean spaces. We combine this approach with other techniques to prove that the Klein quartic maximizes the multiplicity of the first eigenvalue among closed hyperbolic surfaces of genus 3.<\/span><\/p>\n<ul>\n<li><a href=\"http:\/\/www-personal.umich.edu\/~alexmw\/\">Alex Wright<\/a>\u00a0(University of Michigan, Ann Arbor): &#8220;<em>Hodge and Teichm\u00fcller<\/em>&#8220;<\/li>\n<\/ul>\n<p>Abstract:\u00a0In Teichm\u00fcller theory, dynamical hyperbolicity results are typically phrased in terms of the Hodge norm, and geometric hyperbolicity results in terms of the\u00a0Teichm\u00fcller metric. I&#8217;ll explain\u00a0what these objects are, give examples of known results, and discuss recent joint work with Jeremy Kahn that gives fresh hope for a more\u00a0unified\u00a0perspective.<\/p>\n<p>The schedule of the conference is the following:<\/p>\n<ul>\n<li>Release of the videos: October 12, 2021 (<a href=\"https:\/\/www.youtube.com\/channel\/UCeHQo5ia5gCj5EnCUfY3Obw\">Youtube<\/a>)<\/li>\n<li>Discussion: from\u00a0October 12 to October 26, 2021 (<a href=\"https:\/\/gitter.im\/GTACOS-Oct2021\/\">Gitter<\/a>\u00a0and Youtube)<\/li>\n<li>Coffee break: October 26, 2021 at 17.30 CET (Zoom)<img loading=\"lazy\" decoding=\"async\" class=\"alignnone size-medium wp-image-324\" style=\"font-size: 1rem\" src=\"http:\/\/silicio.math.unifi.it\/wordpress\/tacos\/wp-content\/uploads\/sites\/16\/2021\/09\/Schermata-2021-10-12-alle-11.28.20-300x94.png\" alt=\"\" width=\"300\" height=\"94\" srcset=\"https:\/\/silicio.math.unifi.it\/wordpress\/tacos\/wp-content\/uploads\/sites\/16\/2021\/09\/Schermata-2021-10-12-alle-11.28.20-300x94.png 300w, https:\/\/silicio.math.unifi.it\/wordpress\/tacos\/wp-content\/uploads\/sites\/16\/2021\/09\/Schermata-2021-10-12-alle-11.28.20.png 498w\" sizes=\"(max-width: 300px) 100vw, 300px\" \/><\/li>\n<\/ul>\n[\/vc_column_text][\/vc_column][\/vc_row]\n","protected":false},"excerpt":{"rendered":"<p>[vc_row][vc_column][vc_column_text] The speakers for the seventh session,\u00a0Hyperbolicity, are: Beno\u00eet Cadorel (Institut Elie Cartan de Lorraine, Nancy): &#8220;Introduction to complex hyperbolicity&#8220; Abstract:\u00a0In a broad sense, complex hyperbolicity aims at understanding the geometry of entire curves in a given complex manifold. We say roughly that a complex manifold is &#8220;complex hyperbolic&#8221; if it does not contain any &hellip; <\/p>\n<p class=\"link-more\"><a href=\"https:\/\/silicio.math.unifi.it\/wordpress\/tacos\/sessions\/hyperbolicity\/\" class=\"more-link\">Continue reading<span class=\"screen-reader-text\"> &#8220;Hyperbolicity&#8221;<\/span><\/a><\/p>\n","protected":false},"author":11,"featured_media":0,"parent":93,"menu_order":7,"comment_status":"closed","ping_status":"closed","template":"","meta":{"footnotes":""},"class_list":["post-317","page","type-page","status-publish","hentry"],"yoast_head":"<!-- This site is optimized with the Yoast SEO plugin v23.4 - https:\/\/yoast.com\/wordpress\/plugins\/seo\/ -->\n<title>Hyperbolicity - Geometry and TACoS<\/title>\n<meta name=\"robots\" content=\"index, follow, max-snippet:-1, max-image-preview:large, max-video-preview:-1\" \/>\n<link rel=\"canonical\" href=\"https:\/\/silicio.math.unifi.it\/wordpress\/tacos\/sessions\/hyperbolicity\/\" \/>\n<meta property=\"og:locale\" content=\"en_US\" \/>\n<meta property=\"og:type\" content=\"article\" \/>\n<meta property=\"og:title\" content=\"Hyperbolicity - Geometry and TACoS\" \/>\n<meta property=\"og:description\" content=\"[vc_row][vc_column][vc_column_text] The speakers for the seventh session,\u00a0Hyperbolicity, are: Beno\u00eet Cadorel (Institut Elie Cartan de Lorraine, Nancy): &#8220;Introduction to complex hyperbolicity&#8220; Abstract:\u00a0In a broad sense, complex hyperbolicity aims at understanding the geometry of entire curves in a given complex manifold. We say roughly that a complex manifold is &#8220;complex hyperbolic&#8221; if it does not contain any &hellip; Continue reading &quot;Hyperbolicity&quot;\" \/>\n<meta property=\"og:url\" content=\"https:\/\/silicio.math.unifi.it\/wordpress\/tacos\/sessions\/hyperbolicity\/\" \/>\n<meta property=\"og:site_name\" content=\"Geometry and TACoS\" \/>\n<meta property=\"article:modified_time\" content=\"2021-10-25T08:34:54+00:00\" \/>\n<meta property=\"og:image\" content=\"http:\/\/silicio.math.unifi.it\/wordpress\/tacos\/wp-content\/uploads\/sites\/16\/2021\/09\/Schermata-2021-10-12-alle-11.28.20-300x94.png\" \/>\n<meta name=\"twitter:card\" content=\"summary_large_image\" \/>\n<meta name=\"twitter:label1\" content=\"Est. reading time\" \/>\n\t<meta name=\"twitter:data1\" content=\"3 minutes\" \/>\n<script type=\"application\/ld+json\" class=\"yoast-schema-graph\">{\"@context\":\"https:\/\/schema.org\",\"@graph\":[{\"@type\":\"WebPage\",\"@id\":\"https:\/\/silicio.math.unifi.it\/wordpress\/tacos\/sessions\/hyperbolicity\/\",\"url\":\"https:\/\/silicio.math.unifi.it\/wordpress\/tacos\/sessions\/hyperbolicity\/\",\"name\":\"Hyperbolicity - Geometry and TACoS\",\"isPartOf\":{\"@id\":\"https:\/\/silicio.math.unifi.it\/wordpress\/tacos\/#website\"},\"primaryImageOfPage\":{\"@id\":\"https:\/\/silicio.math.unifi.it\/wordpress\/tacos\/sessions\/hyperbolicity\/#primaryimage\"},\"image\":{\"@id\":\"https:\/\/silicio.math.unifi.it\/wordpress\/tacos\/sessions\/hyperbolicity\/#primaryimage\"},\"thumbnailUrl\":\"http:\/\/silicio.math.unifi.it\/wordpress\/tacos\/wp-content\/uploads\/sites\/16\/2021\/09\/Schermata-2021-10-12-alle-11.28.20-300x94.png\",\"datePublished\":\"2021-09-28T09:15:48+00:00\",\"dateModified\":\"2021-10-25T08:34:54+00:00\",\"breadcrumb\":{\"@id\":\"https:\/\/silicio.math.unifi.it\/wordpress\/tacos\/sessions\/hyperbolicity\/#breadcrumb\"},\"inLanguage\":\"en-US\",\"potentialAction\":[{\"@type\":\"ReadAction\",\"target\":[\"https:\/\/silicio.math.unifi.it\/wordpress\/tacos\/sessions\/hyperbolicity\/\"]}]},{\"@type\":\"ImageObject\",\"inLanguage\":\"en-US\",\"@id\":\"https:\/\/silicio.math.unifi.it\/wordpress\/tacos\/sessions\/hyperbolicity\/#primaryimage\",\"url\":\"https:\/\/silicio.math.unifi.it\/wordpress\/tacos\/wp-content\/uploads\/sites\/16\/2021\/09\/Schermata-2021-10-12-alle-11.28.20.png\",\"contentUrl\":\"https:\/\/silicio.math.unifi.it\/wordpress\/tacos\/wp-content\/uploads\/sites\/16\/2021\/09\/Schermata-2021-10-12-alle-11.28.20.png\",\"width\":498,\"height\":156},{\"@type\":\"BreadcrumbList\",\"@id\":\"https:\/\/silicio.math.unifi.it\/wordpress\/tacos\/sessions\/hyperbolicity\/#breadcrumb\",\"itemListElement\":[{\"@type\":\"ListItem\",\"position\":1,\"name\":\"Home\",\"item\":\"https:\/\/silicio.math.unifi.it\/wordpress\/tacos\/\"},{\"@type\":\"ListItem\",\"position\":2,\"name\":\"Sessions\",\"item\":\"https:\/\/silicio.math.unifi.it\/wordpress\/tacos\/sessions\/\"},{\"@type\":\"ListItem\",\"position\":3,\"name\":\"Hyperbolicity\"}]},{\"@type\":\"WebSite\",\"@id\":\"https:\/\/silicio.math.unifi.it\/wordpress\/tacos\/#website\",\"url\":\"https:\/\/silicio.math.unifi.it\/wordpress\/tacos\/\",\"name\":\"Geometry and TACoS\",\"description\":\"Online sessions on the Geometry and Topology of (Almost) Complex Structures\",\"potentialAction\":[{\"@type\":\"SearchAction\",\"target\":{\"@type\":\"EntryPoint\",\"urlTemplate\":\"https:\/\/silicio.math.unifi.it\/wordpress\/tacos\/?s={search_term_string}\"},\"query-input\":{\"@type\":\"PropertyValueSpecification\",\"valueRequired\":true,\"valueName\":\"search_term_string\"}}],\"inLanguage\":\"en-US\"}]}<\/script>\n<!-- \/ Yoast SEO plugin. -->","yoast_head_json":{"title":"Hyperbolicity - Geometry and TACoS","robots":{"index":"index","follow":"follow","max-snippet":"max-snippet:-1","max-image-preview":"max-image-preview:large","max-video-preview":"max-video-preview:-1"},"canonical":"https:\/\/silicio.math.unifi.it\/wordpress\/tacos\/sessions\/hyperbolicity\/","og_locale":"en_US","og_type":"article","og_title":"Hyperbolicity - Geometry and TACoS","og_description":"[vc_row][vc_column][vc_column_text] The speakers for the seventh session,\u00a0Hyperbolicity, are: Beno\u00eet Cadorel (Institut Elie Cartan de Lorraine, Nancy): &#8220;Introduction to complex hyperbolicity&#8220; Abstract:\u00a0In a broad sense, complex hyperbolicity aims at understanding the geometry of entire curves in a given complex manifold. We say roughly that a complex manifold is &#8220;complex hyperbolic&#8221; if it does not contain any &hellip; Continue reading \"Hyperbolicity\"","og_url":"https:\/\/silicio.math.unifi.it\/wordpress\/tacos\/sessions\/hyperbolicity\/","og_site_name":"Geometry and TACoS","article_modified_time":"2021-10-25T08:34:54+00:00","og_image":[{"url":"http:\/\/silicio.math.unifi.it\/wordpress\/tacos\/wp-content\/uploads\/sites\/16\/2021\/09\/Schermata-2021-10-12-alle-11.28.20-300x94.png"}],"twitter_card":"summary_large_image","twitter_misc":{"Est. reading time":"3 minutes"},"schema":{"@context":"https:\/\/schema.org","@graph":[{"@type":"WebPage","@id":"https:\/\/silicio.math.unifi.it\/wordpress\/tacos\/sessions\/hyperbolicity\/","url":"https:\/\/silicio.math.unifi.it\/wordpress\/tacos\/sessions\/hyperbolicity\/","name":"Hyperbolicity - Geometry and TACoS","isPartOf":{"@id":"https:\/\/silicio.math.unifi.it\/wordpress\/tacos\/#website"},"primaryImageOfPage":{"@id":"https:\/\/silicio.math.unifi.it\/wordpress\/tacos\/sessions\/hyperbolicity\/#primaryimage"},"image":{"@id":"https:\/\/silicio.math.unifi.it\/wordpress\/tacos\/sessions\/hyperbolicity\/#primaryimage"},"thumbnailUrl":"http:\/\/silicio.math.unifi.it\/wordpress\/tacos\/wp-content\/uploads\/sites\/16\/2021\/09\/Schermata-2021-10-12-alle-11.28.20-300x94.png","datePublished":"2021-09-28T09:15:48+00:00","dateModified":"2021-10-25T08:34:54+00:00","breadcrumb":{"@id":"https:\/\/silicio.math.unifi.it\/wordpress\/tacos\/sessions\/hyperbolicity\/#breadcrumb"},"inLanguage":"en-US","potentialAction":[{"@type":"ReadAction","target":["https:\/\/silicio.math.unifi.it\/wordpress\/tacos\/sessions\/hyperbolicity\/"]}]},{"@type":"ImageObject","inLanguage":"en-US","@id":"https:\/\/silicio.math.unifi.it\/wordpress\/tacos\/sessions\/hyperbolicity\/#primaryimage","url":"https:\/\/silicio.math.unifi.it\/wordpress\/tacos\/wp-content\/uploads\/sites\/16\/2021\/09\/Schermata-2021-10-12-alle-11.28.20.png","contentUrl":"https:\/\/silicio.math.unifi.it\/wordpress\/tacos\/wp-content\/uploads\/sites\/16\/2021\/09\/Schermata-2021-10-12-alle-11.28.20.png","width":498,"height":156},{"@type":"BreadcrumbList","@id":"https:\/\/silicio.math.unifi.it\/wordpress\/tacos\/sessions\/hyperbolicity\/#breadcrumb","itemListElement":[{"@type":"ListItem","position":1,"name":"Home","item":"https:\/\/silicio.math.unifi.it\/wordpress\/tacos\/"},{"@type":"ListItem","position":2,"name":"Sessions","item":"https:\/\/silicio.math.unifi.it\/wordpress\/tacos\/sessions\/"},{"@type":"ListItem","position":3,"name":"Hyperbolicity"}]},{"@type":"WebSite","@id":"https:\/\/silicio.math.unifi.it\/wordpress\/tacos\/#website","url":"https:\/\/silicio.math.unifi.it\/wordpress\/tacos\/","name":"Geometry and TACoS","description":"Online sessions on the Geometry and Topology of (Almost) Complex Structures","potentialAction":[{"@type":"SearchAction","target":{"@type":"EntryPoint","urlTemplate":"https:\/\/silicio.math.unifi.it\/wordpress\/tacos\/?s={search_term_string}"},"query-input":{"@type":"PropertyValueSpecification","valueRequired":true,"valueName":"search_term_string"}}],"inLanguage":"en-US"}]}},"_links":{"self":[{"href":"https:\/\/silicio.math.unifi.it\/wordpress\/tacos\/wp-json\/wp\/v2\/pages\/317"}],"collection":[{"href":"https:\/\/silicio.math.unifi.it\/wordpress\/tacos\/wp-json\/wp\/v2\/pages"}],"about":[{"href":"https:\/\/silicio.math.unifi.it\/wordpress\/tacos\/wp-json\/wp\/v2\/types\/page"}],"author":[{"embeddable":true,"href":"https:\/\/silicio.math.unifi.it\/wordpress\/tacos\/wp-json\/wp\/v2\/users\/11"}],"replies":[{"embeddable":true,"href":"https:\/\/silicio.math.unifi.it\/wordpress\/tacos\/wp-json\/wp\/v2\/comments?post=317"}],"version-history":[{"count":5,"href":"https:\/\/silicio.math.unifi.it\/wordpress\/tacos\/wp-json\/wp\/v2\/pages\/317\/revisions"}],"predecessor-version":[{"id":330,"href":"https:\/\/silicio.math.unifi.it\/wordpress\/tacos\/wp-json\/wp\/v2\/pages\/317\/revisions\/330"}],"up":[{"embeddable":true,"href":"https:\/\/silicio.math.unifi.it\/wordpress\/tacos\/wp-json\/wp\/v2\/pages\/93"}],"wp:attachment":[{"href":"https:\/\/silicio.math.unifi.it\/wordpress\/tacos\/wp-json\/wp\/v2\/media?parent=317"}],"curies":[{"name":"wp","href":"https:\/\/api.w.org\/{rel}","templated":true}]}}