{"id":37,"date":"2018-04-27T09:34:26","date_gmt":"2018-04-27T09:34:26","guid":{"rendered":"http:\/\/silicio.math.unifi.it\/wordpress\/kte2018\/?page_id=37"},"modified":"2018-07-10T11:37:19","modified_gmt":"2018-07-10T11:37:19","slug":"contacts","status":"publish","type":"page","link":"https:\/\/silicio.math.unifi.it\/wordpress\/kte2018\/contacts\/","title":{"rendered":"Committee"},"content":{"rendered":"<h5><strong>Organizing committee<\/strong><\/h5>\n<h5>Luigi Barletti (Universit\u00e0 degli Studi di Firenze)<\/h5>\n<h5>Marzia Bisi (Universit\u00e0 di Parma)<\/h5>\n<h5>Giovanni Borgioli (Universit\u00e0 degli Studi di Firenze)<\/h5>\n<h5>Fiammetta Conforto (Universit\u00e0 degli Studi di Messina)<\/h5>\n<h5>Lucio Demeio (Universit\u00e0 Politecnica delle Marche)<\/h5>\n<h5>Maria Groppi (Universit\u00e0 di Parma)<\/h5>\n<h5>Omar Morandi (Universit\u00e0 degli Studi di Firenze)<\/h5>\n<h5>Francesco Salvarani (Universit\u00e0 degli Studi di Pavia)<\/h5>\n","protected":false},"excerpt":{"rendered":"<p>Organizing committee Luigi Barletti (Universit\u00e0 degli Studi di Firenze) Marzia Bisi (Universit\u00e0 di Parma) Giovanni Borgioli (Universit\u00e0 degli Studi di Firenze) Fiammetta Conforto (Universit\u00e0 degli Studi di Messina) Lucio Demeio (Universit\u00e0 Politecnica delle Marche) Maria Groppi (Universit\u00e0 di Parma) Omar Morandi (Universit\u00e0 degli Studi di Firenze) Francesco Salvarani (Universit\u00e0 degli Studi di Pavia)<\/p>\n","protected":false},"author":6,"featured_media":0,"parent":0,"menu_order":0,"comment_status":"closed","ping_status":"closed","template":"","meta":{"footnotes":""},"class_list":["post-37","page","type-page","status-publish","hentry"],"yoast_head":"<!-- This site is optimized with the Yoast SEO plugin v23.4 - https:\/\/yoast.com\/wordpress\/plugins\/seo\/ -->\n<title>Committee - kte2018<\/title>\n<meta name=\"robots\" content=\"index, follow, max-snippet:-1, max-image-preview:large, max-video-preview:-1\" \/>\n<link rel=\"canonical\" href=\"https:\/\/silicio.math.unifi.it\/wordpress\/kte2018\/contacts\/\" \/>\n<meta property=\"og:locale\" content=\"en_US\" \/>\n<meta property=\"og:type\" content=\"article\" \/>\n<meta property=\"og:title\" content=\"Committee - kte2018\" \/>\n<meta property=\"og:description\" content=\"Organizing committee Luigi Barletti (Universit\u00e0 degli Studi di Firenze) Marzia Bisi (Universit\u00e0 di Parma) Giovanni Borgioli (Universit\u00e0 degli Studi di Firenze) Fiammetta Conforto (Universit\u00e0 degli Studi di Messina) Lucio Demeio (Universit\u00e0 Politecnica delle Marche) Maria Groppi (Universit\u00e0 di Parma) Omar Morandi (Universit\u00e0 degli Studi di Firenze) Francesco Salvarani (Universit\u00e0 degli Studi di Pavia)\" \/>\n<meta property=\"og:url\" content=\"https:\/\/silicio.math.unifi.it\/wordpress\/kte2018\/contacts\/\" \/>\n<meta property=\"og:site_name\" content=\"kte2018\" \/>\n<meta property=\"article:modified_time\" content=\"2018-07-10T11:37:19+00:00\" \/>\n<meta name=\"twitter:card\" content=\"summary_large_image\" \/>\n<script type=\"application\/ld+json\" class=\"yoast-schema-graph\">{\"@context\":\"https:\/\/schema.org\",\"@graph\":[{\"@type\":\"WebPage\",\"@id\":\"https:\/\/silicio.math.unifi.it\/wordpress\/kte2018\/contacts\/\",\"url\":\"https:\/\/silicio.math.unifi.it\/wordpress\/kte2018\/contacts\/\",\"name\":\"Committee - kte2018\",\"isPartOf\":{\"@id\":\"https:\/\/silicio.math.unifi.it\/wordpress\/kte2018\/#website\"},\"datePublished\":\"2018-04-27T09:34:26+00:00\",\"dateModified\":\"2018-07-10T11:37:19+00:00\",\"breadcrumb\":{\"@id\":\"https:\/\/silicio.math.unifi.it\/wordpress\/kte2018\/contacts\/#breadcrumb\"},\"inLanguage\":\"en-US\",\"potentialAction\":[{\"@type\":\"ReadAction\",\"target\":[\"https:\/\/silicio.math.unifi.it\/wordpress\/kte2018\/contacts\/\"]}]},{\"@type\":\"BreadcrumbList\",\"@id\":\"https:\/\/silicio.math.unifi.it\/wordpress\/kte2018\/contacts\/#breadcrumb\",\"itemListElement\":[{\"@type\":\"ListItem\",\"position\":1,\"name\":\"Home\",\"item\":\"https:\/\/silicio.math.unifi.it\/wordpress\/kte2018\/\"},{\"@type\":\"ListItem\",\"position\":2,\"name\":\"Committee\"}]},{\"@type\":\"WebSite\",\"@id\":\"https:\/\/silicio.math.unifi.it\/wordpress\/kte2018\/#website\",\"url\":\"https:\/\/silicio.math.unifi.it\/wordpress\/kte2018\/\",\"name\":\"kte2018\",\"description\":\"Parma October 10-12\",\"potentialAction\":[{\"@type\":\"SearchAction\",\"target\":{\"@type\":\"EntryPoint\",\"urlTemplate\":\"https:\/\/silicio.math.unifi.it\/wordpress\/kte2018\/?s={search_term_string}\"},\"query-input\":{\"@type\":\"PropertyValueSpecification\",\"valueRequired\":true,\"valueName\":\"search_term_string\"}}],\"inLanguage\":\"en-US\"}]}<\/script>\n<!-- \/ Yoast SEO plugin. -->","yoast_head_json":{"title":"Committee - kte2018","robots":{"index":"index","follow":"follow","max-snippet":"max-snippet:-1","max-image-preview":"max-image-preview:large","max-video-preview":"max-video-preview:-1"},"canonical":"https:\/\/silicio.math.unifi.it\/wordpress\/kte2018\/contacts\/","og_locale":"en_US","og_type":"article","og_title":"Committee - kte2018","og_description":"Organizing committee Luigi Barletti (Universit\u00e0 degli Studi di Firenze) Marzia Bisi (Universit\u00e0 di Parma) Giovanni Borgioli (Universit\u00e0 degli Studi di Firenze) Fiammetta Conforto (Universit\u00e0 degli Studi di Messina) Lucio Demeio (Universit\u00e0 Politecnica delle Marche) Maria Groppi (Universit\u00e0 di Parma) Omar Morandi (Universit\u00e0 degli Studi di Firenze) Francesco Salvarani (Universit\u00e0 degli Studi di Pavia)","og_url":"https:\/\/silicio.math.unifi.it\/wordpress\/kte2018\/contacts\/","og_site_name":"kte2018","article_modified_time":"2018-07-10T11:37:19+00:00","twitter_card":"summary_large_image","schema":{"@context":"https:\/\/schema.org","@graph":[{"@type":"WebPage","@id":"https:\/\/silicio.math.unifi.it\/wordpress\/kte2018\/contacts\/","url":"https:\/\/silicio.math.unifi.it\/wordpress\/kte2018\/contacts\/","name":"Committee - kte2018","isPartOf":{"@id":"https:\/\/silicio.math.unifi.it\/wordpress\/kte2018\/#website"},"datePublished":"2018-04-27T09:34:26+00:00","dateModified":"2018-07-10T11:37:19+00:00","breadcrumb":{"@id":"https:\/\/silicio.math.unifi.it\/wordpress\/kte2018\/contacts\/#breadcrumb"},"inLanguage":"en-US","potentialAction":[{"@type":"ReadAction","target":["https:\/\/silicio.math.unifi.it\/wordpress\/kte2018\/contacts\/"]}]},{"@type":"BreadcrumbList","@id":"https:\/\/silicio.math.unifi.it\/wordpress\/kte2018\/contacts\/#breadcrumb","itemListElement":[{"@type":"ListItem","position":1,"name":"Home","item":"https:\/\/silicio.math.unifi.it\/wordpress\/kte2018\/"},{"@type":"ListItem","position":2,"name":"Committee"}]},{"@type":"WebSite","@id":"https:\/\/silicio.math.unifi.it\/wordpress\/kte2018\/#website","url":"https:\/\/silicio.math.unifi.it\/wordpress\/kte2018\/","name":"kte2018","description":"Parma October 10-12","potentialAction":[{"@type":"SearchAction","target":{"@type":"EntryPoint","urlTemplate":"https:\/\/silicio.math.unifi.it\/wordpress\/kte2018\/?s={search_term_string}"},"query-input":{"@type":"PropertyValueSpecification","valueRequired":true,"valueName":"search_term_string"}}],"inLanguage":"en-US"}]}},"_links":{"self":[{"href":"https:\/\/silicio.math.unifi.it\/wordpress\/kte2018\/wp-json\/wp\/v2\/pages\/37"}],"collection":[{"href":"https:\/\/silicio.math.unifi.it\/wordpress\/kte2018\/wp-json\/wp\/v2\/pages"}],"about":[{"href":"https:\/\/silicio.math.unifi.it\/wordpress\/kte2018\/wp-json\/wp\/v2\/types\/page"}],"author":[{"embeddable":true,"href":"https:\/\/silicio.math.unifi.it\/wordpress\/kte2018\/wp-json\/wp\/v2\/users\/6"}],"replies":[{"embeddable":true,"href":"https:\/\/silicio.math.unifi.it\/wordpress\/kte2018\/wp-json\/wp\/v2\/comments?post=37"}],"version-history":[{"count":10,"href":"https:\/\/silicio.math.unifi.it\/wordpress\/kte2018\/wp-json\/wp\/v2\/pages\/37\/revisions"}],"predecessor-version":[{"id":169,"href":"https:\/\/silicio.math.unifi.it\/wordpress\/kte2018\/wp-json\/wp\/v2\/pages\/37\/revisions\/169"}],"wp:attachment":[{"href":"https:\/\/silicio.math.unifi.it\/wordpress\/kte2018\/wp-json\/wp\/v2\/media?parent=37"}],"curies":[{"name":"wp","href":"https:\/\/api.w.org\/{rel}","templated":true}]}}