{"id":115,"date":"2019-11-05T13:32:59","date_gmt":"2019-11-05T13:32:59","guid":{"rendered":"http:\/\/silicio.math.unifi.it\/wordpress\/FIPISI\/?page_id=115"},"modified":"2019-11-19T18:41:57","modified_gmt":"2019-11-19T18:41:57","slug":"partecipanti-secondo-incontro","status":"publish","type":"page","link":"https:\/\/silicio.math.unifi.it\/wordpress\/FIPISI\/secondo-incontro\/partecipanti-secondo-incontro\/","title":{"rendered":"Partecipanti (secondo incontro)"},"content":{"rendered":"<h1>Partecipanti<\/h1>\n<p><!--td {border: 1px solid #ccc;}br {mso-data-placement:same-cell;}--><\/p>\n<p><!--td {border: 1px solid #ccc;}br {mso-data-placement:same-cell;}--><\/p>\n<table dir=\"ltr\" border=\"1\" cellspacing=\"0\" cellpadding=\"0\">\n<colgroup>\n<col width=\"150\" \/>\n<col width=\"150\" \/>\n<col width=\"240\" \/><\/colgroup>\n<tbody>\n<tr>\n<td>Acquistapace<\/td>\n<td>Paolo<\/td>\n<td>Universit\u00e0 di Pisa<\/td>\n<\/tr>\n<tr>\n<td>Alberti<\/td>\n<td>Giovanni<\/td>\n<td>Universit\u00e0 di Pisa<\/td>\n<\/tr>\n<tr>\n<td>Aldovardi<\/td>\n<td>Matteo<\/td>\n<td>Universit\u00e0 di Pisa<\/td>\n<\/tr>\n<tr>\n<td>Alessi<\/td>\n<td>Roberto<\/td>\n<td>Universit\u00e0 di Pisa<\/td>\n<\/tr>\n<tr>\n<td>Baldelli<\/td>\n<td>Laura<\/td>\n<td>Universit\u00e0 di Firenze<\/td>\n<\/tr>\n<tr>\n<td>Bellettini<\/td>\n<td>Giovanni<\/td>\n<td>Universit\u00e0 di Siena<\/td>\n<\/tr>\n<tr>\n<td>Berselli<\/td>\n<td>Luigi Carlo<\/td>\n<td>Universit\u00e0 di Pisa<\/td>\n<\/tr>\n<tr>\n<td>Bessas<\/td>\n<td>Konstantinos<\/td>\n<td>Universit\u00e0 di Pisa<\/td>\n<\/tr>\n<tr>\n<td>Bianchi<\/td>\n<td>Gabriele<\/td>\n<td>Universit\u00e0 di Firenze<\/td>\n<\/tr>\n<tr>\n<td>Bianchini<\/td>\n<td>Chiara<\/td>\n<td>Universit\u00e0 di Firenze<\/td>\n<\/tr>\n<tr>\n<td>Briani<\/td>\n<td>Luca<\/td>\n<td>Universit\u00e0 di Pisa<\/td>\n<\/tr>\n<tr>\n<td>Brizzi<\/td>\n<td>Camilla<\/td>\n<td>Universit\u00e0 di Firenze<\/td>\n<\/tr>\n<tr>\n<td>Bucci<\/td>\n<td>Francesca<\/td>\n<td>Universit\u00e0 di Firenze<\/td>\n<\/tr>\n<tr>\n<td>Caroccia<\/td>\n<td>Marco<\/td>\n<td>Universit\u00e0 di Firenze<\/td>\n<\/tr>\n<tr>\n<td>Cianchi<\/td>\n<td>Andrea<\/td>\n<td>Universit\u00e0 di Firenze<\/td>\n<\/tr>\n<tr>\n<td>Colesanti<\/td>\n<td>Andrea<\/td>\n<td>Universit\u00e0 di Firenze<\/td>\n<\/tr>\n<tr>\n<td>Colombini<\/td>\n<td>Ferruccio<\/td>\n<td>Universit\u00e0 di Pisa<\/td>\n<\/tr>\n<tr>\n<td>De Luca<\/td>\n<td>Lucia<\/td>\n<td>Universit\u00e0 di Pisa<\/td>\n<\/tr>\n<tr>\n<td>Focardi<\/td>\n<td>Matteo<\/td>\n<td>Universit\u00e0 di Firenze<\/td>\n<\/tr>\n<tr>\n<td>Fortuna<\/td>\n<td>Martino<\/td>\n<td>Universit\u00e0 di Pisa<\/td>\n<\/tr>\n<tr>\n<td>Franca<\/td>\n<td>Matteo<\/td>\n<td>Universit\u00e0 Politecnica delle Marche<\/td>\n<\/tr>\n<tr>\n<td>Francini<\/td>\n<td>Elisa<\/td>\n<td>Universit\u00e0 di Firenze<\/td>\n<\/tr>\n<tr>\n<td>Freguglia<\/td>\n<td>Mattia<\/td>\n<td>Universit\u00e0 di Pisa<\/td>\n<\/tr>\n<tr>\n<td>Gelli<\/td>\n<td>Maria Stella<\/td>\n<td>Universit\u00e0 di Pisa<\/td>\n<\/tr>\n<tr>\n<td>Ghimenti<\/td>\n<td>Marco<\/td>\n<td>Universit\u00e0 di Pisa<\/td>\n<\/tr>\n<tr>\n<td>Ghisi<\/td>\n<td>Marina<\/td>\n<td>Universit\u00e0 di Pisa<\/td>\n<\/tr>\n<tr>\n<td>Gobbino<\/td>\n<td>Massimo<\/td>\n<td>Universit\u00e0 di Pisa<\/td>\n<\/tr>\n<tr>\n<td>Grasselli<\/td>\n<td>Viviana<\/td>\n<td>Universit\u00e0 di Pisa<\/td>\n<\/tr>\n<tr>\n<td>Gronchi<\/td>\n<td>Paolo<\/td>\n<td>Universit\u00e0 di Firenze<\/td>\n<\/tr>\n<tr>\n<td>Idu<\/td>\n<td>Kennedy<\/td>\n<td>Universit\u00e0 di Pisa<\/td>\n<\/tr>\n<tr>\n<td>Inversi<\/td>\n<td>Marco<\/td>\n<td>Universit\u00e0 di Pisa<\/td>\n<\/tr>\n<tr>\n<td>Lazzaroni<\/td>\n<td>Giuliano<\/td>\n<td>Universit\u00e0 di Firenze<\/td>\n<\/tr>\n<tr>\n<td>Le Donne<\/td>\n<td>Enrico<\/td>\n<td>Universit\u00e0 di Pisa<\/td>\n<\/tr>\n<tr>\n<td>Lombardi<\/td>\n<td>Nico<\/td>\n<td>Universit\u00e0 di Firenze<\/td>\n<\/tr>\n<tr>\n<td>Majer<\/td>\n<td>Pietro<\/td>\n<td>Universit\u00e0 di Pisa<\/td>\n<\/tr>\n<tr>\n<td>Novaga<\/td>\n<td>Matteo<\/td>\n<td>Universit\u00e0 di Pisa<\/td>\n<\/tr>\n<tr>\n<td>Pagliari<\/td>\n<td>Valerio<\/td>\n<td>Universit\u00e0 di Vienna<\/td>\n<\/tr>\n<tr>\n<td>Pagnini<\/td>\n<td>Daniele<\/td>\n<td>Universit\u00e0 di Firenze<\/td>\n<\/tr>\n<tr>\n<td>Paolini<\/td>\n<td>Emanuele<\/td>\n<td>Universit\u00e0 di Pisa<\/td>\n<\/tr>\n<tr>\n<td>Pera<\/td>\n<td>Maria Patrizia<\/td>\n<td>Universit\u00e0 di Firenze<\/td>\n<\/tr>\n<tr>\n<td>Pozzetta<\/td>\n<td>Marco<\/td>\n<td>Universit\u00e0 di Pisa<\/td>\n<\/tr>\n<tr>\n<td>Prinari<\/td>\n<td>Francesca<\/td>\n<td>Universit\u00e0 di Ferrara<\/td>\n<\/tr>\n<tr>\n<td>Salani<\/td>\n<td>Paolo<\/td>\n<td>Universit\u00e0 di Firenze<\/td>\n<\/tr>\n<tr>\n<td>Sarychev<\/td>\n<td>Andrey<\/td>\n<td>Universit\u00e0 di Firenze<\/td>\n<\/tr>\n<tr>\n<td>Scattaglia<\/td>\n<td>Vincenzo<\/td>\n<td>Universit\u00e0 di Pisa<\/td>\n<\/tr>\n<tr>\n<td>Temperini<\/td>\n<td>Letizia<\/td>\n<td>Universit\u00e0 di Firenze<\/td>\n<\/tr>\n<tr>\n<td>Vessella<\/td>\n<td>Sergio<\/td>\n<td>Universit\u00e0 di Firenze<\/td>\n<\/tr>\n<tr>\n<td>Visciglia<\/td>\n<td>Nicola<\/td>\n<td>Universit\u00e0 di Pisa<\/td>\n<\/tr>\n<\/tbody>\n<\/table>\n","protected":false},"excerpt":{"rendered":"<p>Partecipanti Acquistapace Paolo Universit\u00e0 di Pisa Alberti Giovanni Universit\u00e0 di Pisa Aldovardi Matteo Universit\u00e0 di Pisa Alessi Roberto Universit\u00e0 di Pisa Baldelli Laura Universit\u00e0 di Firenze Bellettini Giovanni Universit\u00e0 di Siena Berselli Luigi Carlo Universit\u00e0 di Pisa Bessas Konstantinos Universit\u00e0 di Pisa Bianchi Gabriele Universit\u00e0 di Firenze Bianchini Chiara Universit\u00e0 di Firenze Briani Luca Universit\u00e0 &hellip; <\/p>\n<p class=\"link-more\"><a href=\"https:\/\/silicio.math.unifi.it\/wordpress\/FIPISI\/secondo-incontro\/partecipanti-secondo-incontro\/\" class=\"more-link\">Continue reading<span class=\"screen-reader-text\"> &#8220;Partecipanti (secondo incontro)&#8221;<\/span><\/a><\/p>\n","protected":false},"author":10,"featured_media":0,"parent":91,"menu_order":0,"comment_status":"closed","ping_status":"closed","template":"","meta":{"footnotes":""},"class_list":["post-115","page","type-page","status-publish","hentry"],"yoast_head":"<!-- This site is optimized with the Yoast SEO plugin v23.4 - https:\/\/yoast.com\/wordpress\/plugins\/seo\/ -->\n<title>Partecipanti (secondo incontro) - Incontri di Analisi Matematica tra Firenze, Pisa e Siena<\/title>\n<meta name=\"robots\" content=\"index, follow, max-snippet:-1, max-image-preview:large, max-video-preview:-1\" \/>\n<link rel=\"canonical\" href=\"https:\/\/silicio.math.unifi.it\/wordpress\/FIPISI\/secondo-incontro\/partecipanti-secondo-incontro\/\" \/>\n<meta property=\"og:locale\" content=\"en_US\" \/>\n<meta property=\"og:type\" content=\"article\" \/>\n<meta property=\"og:title\" content=\"Partecipanti (secondo incontro) - Incontri di Analisi Matematica tra Firenze, Pisa e Siena\" \/>\n<meta property=\"og:description\" content=\"Partecipanti Acquistapace Paolo Universit\u00e0 di Pisa Alberti Giovanni Universit\u00e0 di Pisa Aldovardi Matteo Universit\u00e0 di Pisa Alessi Roberto Universit\u00e0 di Pisa Baldelli Laura Universit\u00e0 di Firenze Bellettini Giovanni Universit\u00e0 di Siena Berselli Luigi Carlo Universit\u00e0 di Pisa Bessas Konstantinos Universit\u00e0 di Pisa Bianchi Gabriele Universit\u00e0 di Firenze Bianchini Chiara Universit\u00e0 di Firenze Briani Luca Universit\u00e0 &hellip; Continue reading &quot;Partecipanti (secondo incontro)&quot;\" \/>\n<meta property=\"og:url\" content=\"https:\/\/silicio.math.unifi.it\/wordpress\/FIPISI\/secondo-incontro\/partecipanti-secondo-incontro\/\" \/>\n<meta property=\"og:site_name\" content=\"Incontri di Analisi Matematica tra Firenze, Pisa e Siena\" \/>\n<meta property=\"article:modified_time\" content=\"2019-11-19T18:41:57+00:00\" \/>\n<meta name=\"twitter:card\" content=\"summary_large_image\" \/>\n<meta name=\"twitter:label1\" content=\"Est. reading time\" \/>\n\t<meta name=\"twitter:data1\" content=\"1 minute\" \/>\n<script type=\"application\/ld+json\" class=\"yoast-schema-graph\">{\"@context\":\"https:\/\/schema.org\",\"@graph\":[{\"@type\":\"WebPage\",\"@id\":\"https:\/\/silicio.math.unifi.it\/wordpress\/FIPISI\/secondo-incontro\/partecipanti-secondo-incontro\/\",\"url\":\"https:\/\/silicio.math.unifi.it\/wordpress\/FIPISI\/secondo-incontro\/partecipanti-secondo-incontro\/\",\"name\":\"Partecipanti (secondo incontro) - Incontri di Analisi Matematica tra Firenze, Pisa e Siena\",\"isPartOf\":{\"@id\":\"https:\/\/silicio.math.unifi.it\/wordpress\/FIPISI\/#website\"},\"datePublished\":\"2019-11-05T13:32:59+00:00\",\"dateModified\":\"2019-11-19T18:41:57+00:00\",\"breadcrumb\":{\"@id\":\"https:\/\/silicio.math.unifi.it\/wordpress\/FIPISI\/secondo-incontro\/partecipanti-secondo-incontro\/#breadcrumb\"},\"inLanguage\":\"en-US\",\"potentialAction\":[{\"@type\":\"ReadAction\",\"target\":[\"https:\/\/silicio.math.unifi.it\/wordpress\/FIPISI\/secondo-incontro\/partecipanti-secondo-incontro\/\"]}]},{\"@type\":\"BreadcrumbList\",\"@id\":\"https:\/\/silicio.math.unifi.it\/wordpress\/FIPISI\/secondo-incontro\/partecipanti-secondo-incontro\/#breadcrumb\",\"itemListElement\":[{\"@type\":\"ListItem\",\"position\":1,\"name\":\"Home\",\"item\":\"https:\/\/silicio.math.unifi.it\/wordpress\/FIPISI\/\"},{\"@type\":\"ListItem\",\"position\":2,\"name\":\"Programma (secondo incontro)\",\"item\":\"https:\/\/silicio.math.unifi.it\/wordpress\/FIPISI\/secondo-incontro\/\"},{\"@type\":\"ListItem\",\"position\":3,\"name\":\"Partecipanti (secondo incontro)\"}]},{\"@type\":\"WebSite\",\"@id\":\"https:\/\/silicio.math.unifi.it\/wordpress\/FIPISI\/#website\",\"url\":\"https:\/\/silicio.math.unifi.it\/wordpress\/FIPISI\/\",\"name\":\"Incontri di Analisi Matematica tra Firenze, Pisa e Siena\",\"description\":\"\",\"potentialAction\":[{\"@type\":\"SearchAction\",\"target\":{\"@type\":\"EntryPoint\",\"urlTemplate\":\"https:\/\/silicio.math.unifi.it\/wordpress\/FIPISI\/?s={search_term_string}\"},\"query-input\":{\"@type\":\"PropertyValueSpecification\",\"valueRequired\":true,\"valueName\":\"search_term_string\"}}],\"inLanguage\":\"en-US\"}]}<\/script>\n<!-- \/ Yoast SEO plugin. -->","yoast_head_json":{"title":"Partecipanti (secondo incontro) - Incontri di Analisi Matematica tra Firenze, Pisa e Siena","robots":{"index":"index","follow":"follow","max-snippet":"max-snippet:-1","max-image-preview":"max-image-preview:large","max-video-preview":"max-video-preview:-1"},"canonical":"https:\/\/silicio.math.unifi.it\/wordpress\/FIPISI\/secondo-incontro\/partecipanti-secondo-incontro\/","og_locale":"en_US","og_type":"article","og_title":"Partecipanti (secondo incontro) - Incontri di Analisi Matematica tra Firenze, Pisa e Siena","og_description":"Partecipanti Acquistapace Paolo Universit\u00e0 di Pisa Alberti Giovanni Universit\u00e0 di Pisa Aldovardi Matteo Universit\u00e0 di Pisa Alessi Roberto Universit\u00e0 di Pisa Baldelli Laura Universit\u00e0 di Firenze Bellettini Giovanni Universit\u00e0 di Siena Berselli Luigi Carlo Universit\u00e0 di Pisa Bessas Konstantinos Universit\u00e0 di Pisa Bianchi Gabriele Universit\u00e0 di Firenze Bianchini Chiara Universit\u00e0 di Firenze Briani Luca Universit\u00e0 &hellip; Continue reading \"Partecipanti (secondo incontro)\"","og_url":"https:\/\/silicio.math.unifi.it\/wordpress\/FIPISI\/secondo-incontro\/partecipanti-secondo-incontro\/","og_site_name":"Incontri di Analisi Matematica tra Firenze, Pisa e Siena","article_modified_time":"2019-11-19T18:41:57+00:00","twitter_card":"summary_large_image","twitter_misc":{"Est. reading time":"1 minute"},"schema":{"@context":"https:\/\/schema.org","@graph":[{"@type":"WebPage","@id":"https:\/\/silicio.math.unifi.it\/wordpress\/FIPISI\/secondo-incontro\/partecipanti-secondo-incontro\/","url":"https:\/\/silicio.math.unifi.it\/wordpress\/FIPISI\/secondo-incontro\/partecipanti-secondo-incontro\/","name":"Partecipanti (secondo incontro) - Incontri di Analisi Matematica tra Firenze, Pisa e Siena","isPartOf":{"@id":"https:\/\/silicio.math.unifi.it\/wordpress\/FIPISI\/#website"},"datePublished":"2019-11-05T13:32:59+00:00","dateModified":"2019-11-19T18:41:57+00:00","breadcrumb":{"@id":"https:\/\/silicio.math.unifi.it\/wordpress\/FIPISI\/secondo-incontro\/partecipanti-secondo-incontro\/#breadcrumb"},"inLanguage":"en-US","potentialAction":[{"@type":"ReadAction","target":["https:\/\/silicio.math.unifi.it\/wordpress\/FIPISI\/secondo-incontro\/partecipanti-secondo-incontro\/"]}]},{"@type":"BreadcrumbList","@id":"https:\/\/silicio.math.unifi.it\/wordpress\/FIPISI\/secondo-incontro\/partecipanti-secondo-incontro\/#breadcrumb","itemListElement":[{"@type":"ListItem","position":1,"name":"Home","item":"https:\/\/silicio.math.unifi.it\/wordpress\/FIPISI\/"},{"@type":"ListItem","position":2,"name":"Programma (secondo incontro)","item":"https:\/\/silicio.math.unifi.it\/wordpress\/FIPISI\/secondo-incontro\/"},{"@type":"ListItem","position":3,"name":"Partecipanti (secondo incontro)"}]},{"@type":"WebSite","@id":"https:\/\/silicio.math.unifi.it\/wordpress\/FIPISI\/#website","url":"https:\/\/silicio.math.unifi.it\/wordpress\/FIPISI\/","name":"Incontri di Analisi Matematica tra Firenze, Pisa e Siena","description":"","potentialAction":[{"@type":"SearchAction","target":{"@type":"EntryPoint","urlTemplate":"https:\/\/silicio.math.unifi.it\/wordpress\/FIPISI\/?s={search_term_string}"},"query-input":{"@type":"PropertyValueSpecification","valueRequired":true,"valueName":"search_term_string"}}],"inLanguage":"en-US"}]}},"_links":{"self":[{"href":"https:\/\/silicio.math.unifi.it\/wordpress\/FIPISI\/wp-json\/wp\/v2\/pages\/115"}],"collection":[{"href":"https:\/\/silicio.math.unifi.it\/wordpress\/FIPISI\/wp-json\/wp\/v2\/pages"}],"about":[{"href":"https:\/\/silicio.math.unifi.it\/wordpress\/FIPISI\/wp-json\/wp\/v2\/types\/page"}],"author":[{"embeddable":true,"href":"https:\/\/silicio.math.unifi.it\/wordpress\/FIPISI\/wp-json\/wp\/v2\/users\/10"}],"replies":[{"embeddable":true,"href":"https:\/\/silicio.math.unifi.it\/wordpress\/FIPISI\/wp-json\/wp\/v2\/comments?post=115"}],"version-history":[{"count":4,"href":"https:\/\/silicio.math.unifi.it\/wordpress\/FIPISI\/wp-json\/wp\/v2\/pages\/115\/revisions"}],"predecessor-version":[{"id":130,"href":"https:\/\/silicio.math.unifi.it\/wordpress\/FIPISI\/wp-json\/wp\/v2\/pages\/115\/revisions\/130"}],"up":[{"embeddable":true,"href":"https:\/\/silicio.math.unifi.it\/wordpress\/FIPISI\/wp-json\/wp\/v2\/pages\/91"}],"wp:attachment":[{"href":"https:\/\/silicio.math.unifi.it\/wordpress\/FIPISI\/wp-json\/wp\/v2\/media?parent=115"}],"curies":[{"name":"wp","href":"https:\/\/api.w.org\/{rel}","templated":true}]}}